{"id":9015,"date":"2018-12-20T10:40:47","date_gmt":"2018-12-20T10:40:47","guid":{"rendered":"http:\/\/www.baroncapital.com\/management\/?page_id=9015"},"modified":"2019-12-10T16:44:03","modified_gmt":"2019-12-10T16:44:03","slug":"2019-soiree-archives","status":"publish","type":"page","link":"https:\/\/baroncapital.com\/management\/2019-soiree-archives\/","title":{"rendered":"Let&#8217;s Soir\u00e9e 2019"},"content":{"rendered":"<h1><span style=\"color: #1b8be0;\"><strong>2019 Soir\u00e9e Archives<\/strong><\/span><\/h1>\n<table style=\"height: 194px;\" border=\"1\" width=\"989\" cellspacing=\"0\" align=\"center\">\n<tbody>\n<tr align=\"center\" valign=\"middle\">\n<td style=\"text-align: center;\" width=\"168\" height=\"45\"><span style=\"font-family: Georgia, 'Times New Roman', Times, serif; font-size: x-large;\"><i><b>Date<\/b><\/i><\/span><\/td>\n<td style=\"text-align: center;\" height=\"45\"><span style=\"font-family: Georgia, 'Times New Roman', Times, serif; font-size: x-large;\"><i><b>Special Guest<\/b><\/i><\/span><\/td>\n<\/tr>\n<tr>\n<td style=\"text-align: center;\">December 11, 2019<\/td>\n<td style=\"text-align: center;\"><a href=\"https:\/\/www.baroncapital.com\/baroncapital\/soiree\/Soiree_December_11_2019.html\">The Soir\u00e9e&#8217;s Special Guest this week is Josie Della Casa,<br>\nEnterprising Entrepreneur<br>\n<\/a><\/td>\n<\/tr>\n<tr>\n<td style=\"text-align: center;\">November 13, 2019<\/td>\n<td style=\"text-align: center;\"><a href=\"https:\/\/www.baroncapital.com\/baroncapital\/soiree\/Soiree_November_13_2019.html\">The Soir\u00e9e&#8217;s Special Guest this week is Maureen and Jim Elitzak, Founders\/Owners of Zak&#8217;s Chocolate<br>\n<\/a><\/td>\n<\/tr>\n<tr>\n<td style=\"text-align: center;\">April 3, 2019<\/td>\n<td style=\"text-align: center;\"><a href=\"https:\/\/www.baroncapital.com\/baroncapital\/soiree\/Soiree_April_3_2019.html\">The Soir\u00e9e&#8217;s Special Guest this week is Matt Erwin, Deer Valley Airport Event Coordinator<\/a><\/td>\n<\/tr>\n<tr>\n<td style=\"text-align: center;\">October 30, 2019<\/td>\n<td style=\"text-align: center;\"><a href=\"https:\/\/www.baroncapital.com\/baroncapital\/soiree\/Soiree_October_30_2019.html\">The Soir\u00e9e&#8217;s Special Guest this week is Wil Howarth, Artcraft Sports Apparel<\/a><\/td>\n<\/tr>\n<\/tbody>\n<\/table>\n\n\n<p><\/p>\n","protected":false},"excerpt":{"rendered":"<p>2019 Soir\u00e9e Archives Date Special Guest December 11, 2019 The Soir\u00e9e&#8217;s Special Guest this week is Josie Della Casa, Enterprising Entrepreneur November 13, 2019 The Soir\u00e9e&#8217;s Special Guest this week is Maureen and Jim Elitzak, <a class=\"more-link\" href=\"https:\/\/baroncapital.com\/management\/2019-soiree-archives\/\">Read More &#8230;<\/a><\/p>\n","protected":false},"author":1,"featured_media":0,"parent":0,"menu_order":0,"comment_status":"closed","ping_status":"closed","template":"","meta":{"jetpack_post_was_ever_published":false,"footnotes":""},"class_list":["post-9015","page","type-page","status-publish","hentry"],"jetpack_sharing_enabled":true,"jetpack_shortlink":"https:\/\/wp.me\/P73vlS-2lp","_links":{"self":[{"href":"https:\/\/baroncapital.com\/management\/wp-json\/wp\/v2\/pages\/9015","targetHints":{"allow":["GET"]}}],"collection":[{"href":"https:\/\/baroncapital.com\/management\/wp-json\/wp\/v2\/pages"}],"about":[{"href":"https:\/\/baroncapital.com\/management\/wp-json\/wp\/v2\/types\/page"}],"author":[{"embeddable":true,"href":"https:\/\/baroncapital.com\/management\/wp-json\/wp\/v2\/users\/1"}],"replies":[{"embeddable":true,"href":"https:\/\/baroncapital.com\/management\/wp-json\/wp\/v2\/comments?post=9015"}],"version-history":[{"count":16,"href":"https:\/\/baroncapital.com\/management\/wp-json\/wp\/v2\/pages\/9015\/revisions"}],"predecessor-version":[{"id":9667,"href":"https:\/\/baroncapital.com\/management\/wp-json\/wp\/v2\/pages\/9015\/revisions\/9667"}],"wp:attachment":[{"href":"https:\/\/baroncapital.com\/management\/wp-json\/wp\/v2\/media?parent=9015"}],"curies":[{"name":"wp","href":"https:\/\/api.w.org\/{rel}","templated":true}]}}